{"id":15,"date":"2015-08-06T18:03:44","date_gmt":"2015-08-06T18:03:44","guid":{"rendered":"https:\/\/juanfranciscomanzano.com\/?page_id=15"},"modified":"2024-09-02T10:47:25","modified_gmt":"2024-09-02T13:47:25","slug":"bibliografia","status":"publish","type":"page","link":"https:\/\/juanfranciscomanzano.com\/es\/bibliografia\/","title":{"rendered":"bibliograf\u00eda"},"content":{"rendered":"Se conoces alguna edici\u00f3n de la obra de Manzano, o alg\u00fan art\u00edculo acad\u00e9mico sobre \u00e9l, que no est\u00e1 aqu\u00ed, por favor, <a href=\"https:\/\/alexcastro.com.br\/contato\/\">av\u00edsenos<\/a> e lo incluiremos.\n\n* * *\n\n<strong>Ediciones de la obra de Manzano<\/strong>\n\n<strong>Azougarh<\/strong>, Abdeslam. (ed.)<em> Juan Francisco Manzano. Esclavo Poeta en la Isla de Cuba.<\/em> Valencia: Episteme, 2000.\n\n<strong>Castro<\/strong>, Alex. (ed.) <em>Autobiografia do Poeta-Escravo.<\/em> S\u00e3o Paulo: Hedra, 2015.\n\n<strong>Castro<\/strong>, Alex. (ed.) <em>Autobiograf\u00eda.<\/em> Matanzas: Ediciones Matanzas, 2016.\n\n<strong>Castro<\/strong>, Alex. (ed.) <a href=\"https:\/\/amzn.to\/3m96BtO\"><em>Autobiografia do Poeta-Escravo<\/em><\/a>. S\u00e3o Paulo: Plana, 2018. [Edici\u00f3n especial para escuelas publicas brasile\u00f1as.]\n\n<strong>Franco<\/strong>, Jos\u00e9 Luciano. (ed.) <em>Obras.<\/em> Habana: Instituto Cubano do Libro, 1972.\n\n<strong>Lewis Galanes<\/strong>, Adriana. (ed.) <em>Poes\u00edas de J.F. Manzano esclavo en la isla de Cuba.<\/em> Madrid: Editorial Betania, 1991.\n\n<strong>Lloyd King<\/strong>. (ed.) <em>The Autobiography of a Cuban Slave.<\/em> San Augustine, Trinidad: University of the West Indies Press, 1996.\n\n<strong>Luis<\/strong>, William. (ed.) <em>Autobiograf\u00eda del Esclavo Poeta y Otros Escritos.<\/em> Espa\u00f1a: Iberoamericana, 2007.\n\n<strong>Madden<\/strong>, Richard. (ed.) <em>The Life and Poems of a Cuban Slave. Juan Francisco Manzano, 1797-1854.<\/em> (sic) Archon, 1981. (Edici\u00f3n fac-similar editada por Edward J. Mullen.)\n\n<strong>Schulman<\/strong>, Ivan. (ed.) <em>Autobiograf\u00eda de un Esclavo.<\/em> Detroit: Wayne State University Press, 1996.\n\n* * *\n\n<strong>Sobre Manzano<\/strong>\n\n<strong>Aching<\/strong>, Gerard. <em>Freedom From Liberation: Slavery, Sentiment, and Literature in Cuba.<\/em> Bloomington: Indiana University Press, 2015.\n\n<strong>Alba \u00c1lvarez<\/strong>, Sayl\u00ed. \u00ab<a href=\"https:\/\/vocero.uach.mx\/index.php\/debates-por-la-historia\/article\/view\/508\">La gran pena del mundo: apuntes para el estudio de la esclavitud, desde la historia y la literatura cubana<\/a>.\u00bb <em>Debates Por La Historia<\/em>, Vol. VIII, N\u00fam. 2, julio-diciembre de 2020, pp. 99-129.\n\n<strong>Barreda<\/strong>, Pedro. <em>The Black Protagonist in the Cuban Novel.<\/em> Amherst: University of Massachusetts Press, 1979.\n\n<strong>Bergeto<\/strong>, Adriana J. \u00abEscritura, vida cotidiana y resignificaciones en La Habana de Juan Francisco Manzano\u00bb. <em>Afro-Hispanic Review,<\/em> Vol.24, no.2, Oto\u00f1o 2005.\n\n<strong>Branche<\/strong>, Jerome. \u00ab&#8216;Mulato entre negros&#8217; (y blancos): Writing, Race, the Antislavery Question, and Juan Francisco Manzano&#8217;s Autobiograf\u00eda\u00bb. <em>Bulletin of Latin American Research<\/em>, Vol. 20, No. 1, 2001.\n\n<strong>Burton<\/strong>, Gera C. <em>Ambivalence And The Postcolonial Subject. The Strategic Alliance Of Juan Francisco Manzano And Richard Robert Madden.<\/em> New York: Peter Lang, 2004.\n\n<strong>Calcagno<\/strong>, Francisco. <em>Poetas de Color.<\/em> Habana: Imprenta Mercantil, 1878.\n\n<strong>Campuzano<\/strong>, Luisa. \u00ab1841: Dos cubanas en Europa escriben sobre la esclavitud\u00bb <em>Tebeto: Anuario del Archivo Hist\u00f3rico Insular de Fuerteventura<\/em>, N\u00ba. 5, 2004.\n\n\u2014 \u00abLas muchachas de La Habana no tienen temor de Dios\u00bb <em>Revista Canadiense de Estudios Hisp\u00e1nicos,<\/em> Vol. 16, No. 2 (Invierno 1992).\n\n<strong>Cosme<\/strong>, Carmen L. <em>La narrativa en la Autobiografia de un Esclavo de Juan Francisco Manzano.<\/em> Tesis de maestr\u00eda presentada a Universidade de Massachusetts en Amherst, en 2008.\n\n<strong>Draper<\/strong>, Susana. \u00abVoluntad de Intelectual: Juan Francisco Manzano entre las Redes de un Humanismo sin Derechos\u00bb. <em>Chasqui. Revista de Literatura Latinoamericana<\/em>, 31.1, 2002.\n\n<strong>Martins<\/strong>, Jos\u00e9 Endoen\u00e7a. \u00ab<a href=\"http:\/\/www.ijhssnet.com\/journals\/Vol_10_No_10_October_2020\/7.pdf\">Racial and Textual Translation Through Signifyin(G) and Eshu: The Case of Juan Francisco Manzano\u2019s Personal Narrative Autobiography of A Slave<\/a>\u00ab. <em>International Journal of Humanities and Social Science<\/em>, Vol. 10, No. 10, October 2020.\n\n<strong>Ellis<\/strong>, Robert Richmond. \u00abReading through the Veil of Juan Francisco Manzano: From Homoerotic Violence to the Dream of a Homoracial Bond.\u00bb <em>PMLA<\/em>, Vol. 113, No. 3 (Mayo, 1998).\n\n<strong>Fern\u00e1ndez Moya<\/strong>, Rafael. \u00abPensamiento oriental en las obras de Pl\u00e1cido y de Manzano.\u00bb <em>Acontecimientos<\/em>. (mimeo)\n\n<strong>Friol<\/strong>, Roberto. <em>Suite para Juan Francisco Manzano.<\/em> Habana: Editorial Arte y Literatura, 1977.\n\n<strong>Garc\u00eda Marruz<\/strong>, Fina. <em>Estudios delmontinos.<\/em> Habana: Uni\u00f3n, 2008\n\n<strong>Jim\u00e9nez<\/strong>, Luis A. \u201cNineteenth Century Autobiography in the Afro-Americas: Frederick Douglass and Juan Francisco Manzano\u201d. <em>Afro-Hispanic Review<\/em>, 14:2 (Oto\u00f1o 1995).\n\n<strong>Labrador-Rodr\u00edguez<\/strong>, Sonia. \u00abLa Intelectualidad Negra en Cuba en el Siglo XIX: el Caso de Manzano\u00bb <em>Revista Iberoamericana<\/em>, LXII\/174, enero\/marzo 1996.\n\n<strong>Leante<\/strong>, C\u00e9sar. \u201cFrancisco y Juan Francisco\u201d. <em>Cuadernos Hispanoamericanos<\/em>, 641 (Nov 2003).\n\n______ \u201cDos obras antiesclavistas cubanas\u201d.<em> Cuadernos Americanos<\/em>, 207:4 (Jul-Ago 1976).\n\n<strong>Lienhard<\/strong>, Martin. <em>Disidentes, rebeldes, insurgentes. Resistencia ind\u00edgena y negra en Am\u00e9rica Latina. Ensayos de historia testimonial.<\/em> Madrid: Iberoamerica Editorial, 2008.\n\n<strong>Luis<\/strong>, William.<em> Literary Bondage: Slavery In Cuban Narrative.<\/em> Austin: University Of Texas Press, 1990.\n\n<strong>Miller<\/strong>, Marilyn. \u00abImitation and Improvisation in Juan Francisco Manzano&#8217;s Zafira.\u00bb<em> Colonial Latin American Review,<\/em> v.17, no.1, junio 2008.\n\n\u2014 \u00abRebeld\u00eda Narrativa, Resistencia Poetica y Expresi\u00f3n &#8216;Libre&#8217; en Juan Francisco Manzano\u00bb <em>Revista Iberoamericana<\/em>, v.LXXI, no.211, abril-junio 2005.\n\n<strong>Moliner<\/strong>, Israel. \u00abManzano: la denuncia del silencio.\u00bb <strong>Franco<\/strong>, Jos\u00e9 Luciano. (ed.) <em>Obras<\/em>. Habana: Instituto Cubano del Libro, 1972.\n\n<strong>Molloy<\/strong>, Sylvia. <em>At Face Value. Autobiographical Writing In Spanish America.<\/em> Cambridge: Cambridge University Press, 1991.\n\n<strong>Nuto<\/strong>, Jo\u00e3o Vianney Cavalcanti. \u00ab<a href=\"http:\/\/siba-ese.unisalento.it\/index.php\/dvaf\/article\/view\/17974\">Vozes d&#8217;\u00c1frica: autoria e rela\u00e7\u00f5es de poder em duas autobiografias de escravos.<\/a>\u00bb <em>De volta ao futuro da l\u00edngua portuguesa. Atas do V SIMELP-Simp\u00f3sio Mundial de Estudos de L\u00edngua Portuguesa<\/em>. 2017.\n\n<strong>Pettway<\/strong>, Matthew. <a href=\"https:\/\/www.amazon.com\/Cuban-Literature-Age-Black-Insurrection\/dp\/1496825012\/ref=sr_1_1?keywords=matthew+pettway&amp;qid=1560197306&amp;s=gateway&amp;sr=8-1\"><em>Cuban Literature in the Age of Black Insurrection:<\/em><\/a>\n<em>Manzano, Pl\u00e1cido, and Afro-Latino Religion<\/em>. University Press of Mississippi, 2020.\n\n<strong>Pozzi<\/strong>, J\u00e9ssica de Souza; <strong>Silva<\/strong>, Adriana Kerchner da. <a href=\"https:\/\/periodicos.ufac.br\/index.php\/COMMUNITAS\/article\/view\/4849\">\u00abRelatos reais, relatos sonhados: a marronagem de Juan Francisco Manzano e Maryse Cond\u00e9.\u00bb<\/a> <em>Revista Communitas<\/em> V.5, N.10 (Abril\u2013Junho\/2021)\n\n<strong>Prieto Rodr\u00edguez<\/strong>, Adlin de Jes\u00fas. \u00abLa autobiograf\u00eda como testimonio o el testimonio autobiogr\u00e1fico: un acercamiento a la Autobiograf\u00eda de un esclavo (1835) de Juan F. Manzano\u00bb<em> Estudios<\/em> (Venezuela), 10-11:20-21 (Ago-Jun 2002-2003).\n\n<strong>Ramos,<\/strong> Julio. \u00abCuerpo, lengua, subjetividad\u00bb <em>Revista de Cr\u00edtica Literaria Latinoamericana<\/em>, Ano 19, No. 38 (1993).\n\n\u2014 \u00abLa Ley Es Otra: Literatura y Constituci\u00f3n de la Persona Jur\u00eddica\u00bb, <em>Revista de Critica Literaria Latinoamericana<\/em>, 22.40 (1994).\n\n\u2014. <em>Ensayos pr\u00f3ximos<\/em>. Habana: Casa de las Am\u00e9ricas, 2012.\n\n<strong>Saumell<\/strong>, Rafael E. \u00abJuan Francisco Manzano y Domingo del Monte: El Cerco Pol\u00edtico de la Plantaci\u00f3n.\u00bb <em>AfroCuban Anthology Journal<\/em>. Invierno 2004.\n\n<strong>Schulman<\/strong>, Ivan A. \u00abInvenci\u00f3n y Disfraz: El Discurso Cubano de la Autobiograf\u00eda de Juan Francisco Manzano\u00bb <strong>Zavala<\/strong>, Iris M. <em>Discursos Sobre la &#8216;Invenci\u00f3n&#8217; de Am\u00e9rica.<\/em> Atlanta: Rodopi, 1992.\n\n<strong>Silva<\/strong>, Adriana Kerchner da. <a href=\"https:\/\/seer.ufrgs.br\/cadernosdetraducao\/article\/view\/98462\">Alex Castro e a tradu\u00e7\u00e3o minorizante da <em>Autobiografia do Poeta-Escravo<\/em>, de Juan Francisco Manzano<\/a>. <em>Cadernos de Tradu\u00e7\u00e3o<\/em>, Porto Alegre, N\u00famero Especial, 2019.\n\n<strong>Silva<\/strong>, Adriana Kerchner da. <em>Juan Francisco Manzano e seus mediadores: rela\u00e7\u00f5es desiguais e silenciamentos.<\/em> Trabalho de Conclus\u00e3o de Curso apresentado como requisito parcial para obten\u00e7\u00e3o do t\u00edtulo de Bacharel em Letras pela Universidade Federal do Rio Grande do Sul. Orientadora, Prof\u00aa Dr\u00aa Liliam Ramos da Silva. Dezembro de 2018.\n\n<strong>Silva<\/strong>, Alexandra Lima da. \u00ab<a href=\"https:\/\/rhhj.anpuh.org\/RHHJ\/article\/view\/411\/0\">Folhas de \u00e9bano: (auto)biografias de escravizados e ensino de hist\u00f3ria.<\/a>\u00bb <em>Revista Hist\u00f3ria Hoje<\/em>, v. 7, n\u00ba 14, p. 263-284, 2018.\n\n<strong>Silva<\/strong>, Liliam Ramos da. <a href=\"https:\/\/revistas.ufrj.br\/index.php\/mulemba\/article\/view\/5340\/3927\">\u00abA Autobiografia do poeta-escravo, de Juan Francisco Manzano. Organiza\u00e7\u00e3o, tradu\u00e7\u00e3o e notas de Alex Castro. S\u00e3o Paulo: Hedra, 2015. 223p.\u00bb<\/a> <em>Revista Mulemba, <\/em>Revista do Setor de Letras Africanas de L\u00edngua Portuguesa &#8211; Departamento de Letras Vern\u00e1culas. Faculdade de Letras da Universidade Federal do Rio de Janeiro. Volume 14, n\u00famero 2, jul-dez 2016, p. 145-148.\n\n\u2014.<em>\u00a0<\/em><a href=\"https:\/\/revistas.ufrj.br\/index.php\/mulemba\/article\/view\/5340\/3927\">\u00abPode o tradutor falar? Uma an\u00e1lise da tradu\u00e7\u00e3o da Autobiografia de Juan Francisco Manzano no Brasil sob a \u00f3tica dos Estudos Culturais.\u00bb<\/a> <em>Translatio.<\/em> Instituto de Letras, Universidade Federal do Rio Grande do Sul. Porto Alegre, n. 13, Junho de 2017\n\n\u2014.<em>\u00a0<\/em>\u00ab<a href=\"https:\/\/www.revistas.usp.br\/clt\/article\/view\/115272\">A voz do protagonista afrodescendente em romances hist\u00f3ricos hispano-americanos: invisibilidade do texto original e algumas (poucas) obras traduzidas no Brasil.<\/a>\u00bb <em>Cadernos de Literatura em Tradu\u00e7\u00e3o.<\/em> S\u00e3o Paulo, n.16. p.73-88. Silva 88 Trab. Ling. Aplic., Campinas, n(57.1): 71-88, jan.\/abr. 2018.\n\n\u2014. \u00ab<a href=\"https:\/\/www.lume.ufrgs.br\/bitstream\/handle\/10183\/223822\/001127502.pdf?sequence=1\">Estrat\u00e9gias cimarronas para narrar a negritude no s\u00e9culo XIX em Autobiograf\u00eda de Juan Francisco Manzano (Cuba, 1835) e \u00darsula (Brasil, 1859).<\/a>\u00bb <em>Cadernos de literatura comparada<\/em>, No 43 \u2013 12\/2020 | 135-153.\n\n<strong>Solano Escolano<\/strong>, Dami\u00e1n V. \u00ab<a href=\"https:\/\/larrlasa.org\/articles\/10.25222\/larr.747\/\">En el umbral del horror: T\u00e9cnicas y funciones del terror en Autobiograf\u00eda de un esclavo de Juan Francisco Manzano<\/a>.\u00bb <em>Latin American Research Review<\/em> . 2021, Vol. 56 Issue 1, p113-125. 13p.\n\n<strong>Stoneham<\/strong>, Michael. &#8216;Juan Francisco Manzano and the Best of All Possible Worlds\u00bb. <em>Journal of Caribbean Literatures<\/em>. Verano 2009, Vol. 6, no. 1.\n\n<strong>Vera-Le\u00f3n<\/strong>, Antonio. \u00abJuan Francisco Manzano: el Estilo B\u00e1rbaro de la Naci\u00f3n\u00bb. <em>Hispam\u00e9rica<\/em> 20, Deciembre 1991.\n\n<strong>Vitier,<\/strong> Cintio. \u00abDos Poetas Cubanos: Pl\u00e1cido y Manzano\u00bb. <em>Bohemia<\/em>. Habana, 14 de deciembre de 1973.\n\n<strong>Williams,<\/strong> Lorna. <em>The Representation of Slavery in Cuban Fiction<\/em>. Columbia: University of Missouri Press, 1994.\n\n<strong>Willis,<\/strong> Susan. \u201cCrushed Geraniums: Juan Francisco Manzano and the Language of Slavery.\u201d Charles <strong>Davis<\/strong> e Henry Louis Gates. (ed.) <em>The Slave\u2019s Narrative.<\/em> Oxford: Oxford University Press, 1985.","protected":false},"excerpt":{"rendered":"<p>Bibliograf\u00eda completa sobre la vida y la obra del poeta afrocubano Juan Francisco Manzano.<\/p>\n","protected":false},"author":1,"featured_media":46,"parent":0,"menu_order":0,"comment_status":"open","ping_status":"open","template":"","meta":{"footnotes":""},"class_list":["post-15","page","type-page","status-publish","has-post-thumbnail","hentry"],"_links":{"self":[{"href":"https:\/\/juanfranciscomanzano.com\/es\/wp-json\/wp\/v2\/pages\/15","targetHints":{"allow":["GET"]}}],"collection":[{"href":"https:\/\/juanfranciscomanzano.com\/es\/wp-json\/wp\/v2\/pages"}],"about":[{"href":"https:\/\/juanfranciscomanzano.com\/es\/wp-json\/wp\/v2\/types\/page"}],"author":[{"embeddable":true,"href":"https:\/\/juanfranciscomanzano.com\/es\/wp-json\/wp\/v2\/users\/1"}],"replies":[{"embeddable":true,"href":"https:\/\/juanfranciscomanzano.com\/es\/wp-json\/wp\/v2\/comments?post=15"}],"version-history":[{"count":9,"href":"https:\/\/juanfranciscomanzano.com\/es\/wp-json\/wp\/v2\/pages\/15\/revisions"}],"predecessor-version":[{"id":354,"href":"https:\/\/juanfranciscomanzano.com\/es\/wp-json\/wp\/v2\/pages\/15\/revisions\/354"}],"wp:featuredmedia":[{"embeddable":true,"href":"https:\/\/juanfranciscomanzano.com\/es\/wp-json\/wp\/v2\/media\/46"}],"wp:attachment":[{"href":"https:\/\/juanfranciscomanzano.com\/es\/wp-json\/wp\/v2\/media?parent=15"}],"curies":[{"name":"wp","href":"https:\/\/api.w.org\/{rel}","templated":true}]}}