{"id":22,"date":"2015-08-06T15:14:29","date_gmt":"2015-08-06T18:14:29","guid":{"rendered":"https:\/\/juanfranciscomanzano.com\/?page_id=22"},"modified":"2021-08-17T16:52:22","modified_gmt":"2021-08-17T19:52:22","slug":"juan-francisco-manzano-escravo-poeta-na-ilha-de-cuba","status":"publish","type":"page","link":"https:\/\/juanfranciscomanzano.com\/es\/","title":{"rendered":"juan francisco manzano"},"content":{"rendered":"<p>Juan Francisco Manzano, poeta en la isla de Cuba, fue la \u00fanica persona esclavizada latinoamericana a escribir una autobiograf\u00eda sobre su experiencia en el cautiverio.<\/p>\n<p>En ese sitio Web, tu podr\u00e1s <a href=\"https:\/\/juanfranciscomanzano.com\/es\/apresentacao\/\" target=\"_blank\" rel=\"noopener noreferrer\">saber m\u00e1s<\/a> sobre \u00e9l, leer el <a href=\"https:\/\/juanfranciscomanzano.com\/es\/autobiografia\/\" target=\"_blank\" rel=\"noopener noreferrer\">texto completo<\/a> de la autobiograf\u00eda, visualizar el <a href=\"https:\/\/juanfranciscomanzano.com\/es\/manuscrito\/\" target=\"_blank\" rel=\"noopener noreferrer\">manuscrito<\/a> original, conferir <a href=\"https:\/\/juanfranciscomanzano.com\/es\/fotos\/\" target=\"_blank\" rel=\"noopener noreferrer\">fotos<\/a> de los sitios donde \u00e9l vivi\u00f3, leer algunas de las <a href=\"https:\/\/juanfranciscomanzano.com\/es\/notas\/\" target=\"_blank\" rel=\"noopener noreferrer\">notas explicativas<\/a> de la edici\u00f3n cubana y consultar una <a href=\"https:\/\/juanfranciscomanzano.com\/es\/bibliografia\/\" target=\"_blank\" rel=\"noopener noreferrer\">bibliograf\u00eda<\/a> completa sobre Manzano.<\/p>\n<p>* * *<\/p>\n<p><strong>Mis Treinta A\u00f1os, por Juan Francisco Manzano<\/strong><\/p>\n<p><em>Cuando miro el espacio que he corrido<\/em><br \/>\n<em> desde la cuna hasta el presente d\u00eda,<\/em><br \/>\n<em> tiemblo y saludo a la fortuna m\u00eda<\/em><br \/>\n<em> m\u00e1s de terror que de atenci\u00f3n movido.<\/em><\/p>\n<p><em>Sorpr\u00e9ndeme la lucha que he podido<\/em><br \/>\n<em> sostener contra suerte tan imp\u00eda,<\/em><br \/>\n<em> si tal llamarse puede la porf\u00eda<\/em><br \/>\n<em> de mi infelice ser al mal nacido.<\/em><\/p>\n<p><em>Treinta a\u00f1os ha que conoc\u00ed la tierra;<\/em><br \/>\n<em> treinta a\u00f1os ha que en gemidor estado<\/em><br \/>\n<em> triste infortunio por doquier me asalta;<\/em><\/p>\n<p><em>Mas nada es para m\u00ed la cruda guerra<\/em><br \/>\n<em> que en vano suspirar he soportado,<\/em><br \/>\n<em> si la comparo, \u00a1oh Dios!, con lo que falta.<\/em><\/p>\n<p>Al ser le\u00eddo en voz alta por el autor esclavo en una tert\u00falia literaria, este poema tanto tendr\u00eda emocionado a los participantes que decidieron hacer una colecta de dinero y comprarle su libertad.<\/p>\n<p>* * *<\/p>\n<p>Sitio Web creado y mantenido por <a href=\"http:\/\/www.alexcastro.com.br\" target=\"_blank\" rel=\"noopener noreferrer\">Alex Castro<\/a>.<\/p>","protected":false},"excerpt":{"rendered":"<p>Juan Francisco Manzano, poeta en la isla de Cuba, fue la \u00fanica persona esclavizada latinoamericana a escribir una autobiograf\u00eda sobre su experiencia en el cautiverio.<\/p>\n","protected":false},"author":1,"featured_media":201,"parent":5,"menu_order":0,"comment_status":"closed","ping_status":"open","template":"","meta":{"footnotes":""},"class_list":["post-22","page","type-page","status-publish","has-post-thumbnail","hentry"],"_links":{"self":[{"href":"https:\/\/juanfranciscomanzano.com\/es\/wp-json\/wp\/v2\/pages\/22","targetHints":{"allow":["GET"]}}],"collection":[{"href":"https:\/\/juanfranciscomanzano.com\/es\/wp-json\/wp\/v2\/pages"}],"about":[{"href":"https:\/\/juanfranciscomanzano.com\/es\/wp-json\/wp\/v2\/types\/page"}],"author":[{"embeddable":true,"href":"https:\/\/juanfranciscomanzano.com\/es\/wp-json\/wp\/v2\/users\/1"}],"replies":[{"embeddable":true,"href":"https:\/\/juanfranciscomanzano.com\/es\/wp-json\/wp\/v2\/comments?post=22"}],"version-history":[{"count":21,"href":"https:\/\/juanfranciscomanzano.com\/es\/wp-json\/wp\/v2\/pages\/22\/revisions"}],"predecessor-version":[{"id":336,"href":"https:\/\/juanfranciscomanzano.com\/es\/wp-json\/wp\/v2\/pages\/22\/revisions\/336"}],"up":[{"embeddable":true,"href":"https:\/\/juanfranciscomanzano.com\/es\/wp-json\/wp\/v2\/pages\/5"}],"wp:featuredmedia":[{"embeddable":true,"href":"https:\/\/juanfranciscomanzano.com\/es\/wp-json\/wp\/v2\/media\/201"}],"wp:attachment":[{"href":"https:\/\/juanfranciscomanzano.com\/es\/wp-json\/wp\/v2\/media?parent=22"}],"curies":[{"name":"wp","href":"https:\/\/api.w.org\/{rel}","templated":true}]}}